{"id":67,"date":"2026-03-17T00:30:47","date_gmt":"2026-03-17T00:30:47","guid":{"rendered":"https:\/\/somosbasestudio.com\/?page_id=67"},"modified":"2026-03-18T12:02:28","modified_gmt":"2026-03-18T12:02:28","slug":"blog","status":"publish","type":"page","link":"https:\/\/somosbasestudio.com\/es\/blog\/","title":{"rendered":"Blog"},"content":{"rendered":"<div data-elementor-type=\"wp-page\" data-elementor-id=\"67\" class=\"elementor elementor-67\">\n\t\t\t\t<div class=\"elementor-element elementor-element-90cd6e6 e-flex e-con-boxed e-con e-parent\" data-id=\"90cd6e6\" data-element_type=\"container\" data-e-type=\"container\">\n\t\t\t\t\t<div class=\"e-con-inner\">\n\t\t\t\t<div class=\"elementor-element elementor-element-e1990e6 elementor-widget elementor-widget-spacer\" data-id=\"e1990e6\" data-element_type=\"widget\" data-e-type=\"widget\" data-widget_type=\"spacer.default\">\n\t\t\t\t\t\t\t<div class=\"elementor-spacer\">\n\t\t\t<div class=\"elementor-spacer-inner\"><\/div>\n\t\t<\/div>\n\t\t\t\t\t\t<\/div>\n\t\t\t\t<div class=\"elementor-element elementor-element-d204dc8 elementor-widget elementor-widget-hfe-basic-posts\" data-id=\"d204dc8\" data-element_type=\"widget\" data-e-type=\"widget\" data-widget_type=\"hfe-basic-posts.default\">\n\t\t\t\t<div class=\"elementor-widget-container\">\n\t\t\t\t\t\n<div class=\"hfe-posts-grid\">\n\t\t\t<article class=\"hfe-post-card\">\n\t\t\t\t\t\t\t<div class=\"hfe-post-image\">\n\t\t\t\t\t<a href=\"https:\/\/somosbasestudio.com\/es\/alquiler-temporario-en-buenos-aires-diseno\/\" rel=\"bookmark\">\n\t\t\t\t\t\t<img loading=\"lazy\" decoding=\"async\" width=\"300\" height=\"300\" src=\"https:\/\/somosbasestudio.com\/wp-content\/uploads\/2026\/04\/alquiler-temporario-en-buenos-aires-diseno-neuroarquitectura-base-300x300.webp\" class=\"attachment-medium size-medium wp-post-image\" alt=\"Interior Design for Airbnb in Buenos Aires: How to Maximize Your Short-Term Rental Income (2026)\" srcset=\"https:\/\/somosbasestudio.com\/wp-content\/uploads\/2026\/04\/alquiler-temporario-en-buenos-aires-diseno-neuroarquitectura-base-300x300.webp 300w, https:\/\/somosbasestudio.com\/wp-content\/uploads\/2026\/04\/alquiler-temporario-en-buenos-aires-diseno-neuroarquitectura-base-1024x1024.webp 1024w, https:\/\/somosbasestudio.com\/wp-content\/uploads\/2026\/04\/alquiler-temporario-en-buenos-aires-diseno-neuroarquitectura-base-150x150.webp 150w, https:\/\/somosbasestudio.com\/wp-content\/uploads\/2026\/04\/alquiler-temporario-en-buenos-aires-diseno-neuroarquitectura-base-768x768.webp 768w, https:\/\/somosbasestudio.com\/wp-content\/uploads\/2026\/04\/alquiler-temporario-en-buenos-aires-diseno-neuroarquitectura-base-12x12.webp 12w, https:\/\/somosbasestudio.com\/wp-content\/uploads\/2026\/04\/alquiler-temporario-en-buenos-aires-diseno-neuroarquitectura-base.webp 1080w\" sizes=\"auto, (max-width: 300px) 100vw, 300px\" \/>\t\t\t\t\t<\/a>\n\t\t\t\t<\/div>\n\t\t\t\n\t\t\t<div class=\"hfe-post-content\">\n\t\t\t\t\t\t\t\t\t<h3 class=\"hfe-post-title\">\n\t\t\t\t\t\t<a href=\"https:\/\/somosbasestudio.com\/es\/alquiler-temporario-en-buenos-aires-diseno\/\" rel=\"bookmark\">\n\t\t\t\t\t\t\tInterior Design for Airbnb in Buenos Aires: How to Maximize Your Short-Term Rental Income (2026)\t\t\t\t\t\t<\/a>\n\t\t\t\t\t<\/h3>\n\t\t\t\t\n\t\t\t\t\t\t\t\t\t<div class=\"hfe-post-meta\">\n\t\t\t\t\t\t<span class=\"hfe-post-date\">27\/04\/2026<\/span><span class=\"hfe-meta-separator\"> | <\/span><span class=\"hfe-post-author\">by Written by Lydia Neiva<\/span>\t\t\t\t\t<\/div>\n\t\t\t\t\n\t\t\t\t\t\t\t\t\t<div class=\"hfe-post-excerpt\">\n\t\t\t\t\t\tHaving a property in a premium neighborhood is no longer enough in 2026. Guests aren&#8217;t just looking for a place...\t\t\t\t\t<\/div>\n\t\t\t\t\n\t\t\t\t\t\t\t\t\t<a href=\"https:\/\/somosbasestudio.com\/es\/alquiler-temporario-en-buenos-aires-diseno\/\" class=\"hfe-read-more\" rel=\"bookmark\">\n\t\t\t\t\t\tLeer m\u00e1s \u2192\t\t\t\t\t<\/a>\n\t\t\t\t\t\t\t<\/div>\n\t\t<\/article>\n\t\t\t\t<article class=\"hfe-post-card\">\n\t\t\t\t\t\t\t<div class=\"hfe-post-image\">\n\t\t\t\t\t<a href=\"https:\/\/somosbasestudio.com\/es\/reforma-integral-en-buenos-aires-guia\/\" rel=\"bookmark\">\n\t\t\t\t\t\t<img loading=\"lazy\" decoding=\"async\" width=\"298\" height=\"300\" src=\"https:\/\/somosbasestudio.com\/wp-content\/uploads\/2026\/04\/reforma-integral-en-buenos-aires-antes-despues-arquitectura-base-studio-298x300.webp\" class=\"attachment-medium size-medium wp-post-image\" alt=\"How to Manage a Full Apartment Renovation in Buenos Aires From Abroad (2026 Guide)\" srcset=\"https:\/\/somosbasestudio.com\/wp-content\/uploads\/2026\/04\/reforma-integral-en-buenos-aires-antes-despues-arquitectura-base-studio-298x300.webp 298w, https:\/\/somosbasestudio.com\/wp-content\/uploads\/2026\/04\/reforma-integral-en-buenos-aires-antes-despues-arquitectura-base-studio-1016x1024.webp 1016w, https:\/\/somosbasestudio.com\/wp-content\/uploads\/2026\/04\/reforma-integral-en-buenos-aires-antes-despues-arquitectura-base-studio-150x150.webp 150w, https:\/\/somosbasestudio.com\/wp-content\/uploads\/2026\/04\/reforma-integral-en-buenos-aires-antes-despues-arquitectura-base-studio-768x774.webp 768w, https:\/\/somosbasestudio.com\/wp-content\/uploads\/2026\/04\/reforma-integral-en-buenos-aires-antes-despues-arquitectura-base-studio-12x12.webp 12w, https:\/\/somosbasestudio.com\/wp-content\/uploads\/2026\/04\/reforma-integral-en-buenos-aires-antes-despues-arquitectura-base-studio.webp 1072w\" sizes=\"auto, (max-width: 298px) 100vw, 298px\" \/>\t\t\t\t\t<\/a>\n\t\t\t\t<\/div>\n\t\t\t\n\t\t\t<div class=\"hfe-post-content\">\n\t\t\t\t\t\t\t\t\t<h3 class=\"hfe-post-title\">\n\t\t\t\t\t\t<a href=\"https:\/\/somosbasestudio.com\/es\/reforma-integral-en-buenos-aires-guia\/\" rel=\"bookmark\">\n\t\t\t\t\t\t\tHow to Manage a Full Apartment Renovation in Buenos Aires From Abroad (2026 Guide)\t\t\t\t\t\t<\/a>\n\t\t\t\t\t<\/h3>\n\t\t\t\t\n\t\t\t\t\t\t\t\t\t<div class=\"hfe-post-meta\">\n\t\t\t\t\t\t<span class=\"hfe-post-date\">20\/04\/2026<\/span><span class=\"hfe-meta-separator\"> | <\/span><span class=\"hfe-post-author\">by Written by Lydia Neiva<\/span>\t\t\t\t\t<\/div>\n\t\t\t\t\n\t\t\t\t\t\t\t\t\t<div class=\"hfe-post-excerpt\">\n\t\t\t\t\t\tYou bought an apartment with potential in Buenos Aires, but the distance creates real uncertainty. How do you keep construction...\t\t\t\t\t<\/div>\n\t\t\t\t\n\t\t\t\t\t\t\t\t\t<a href=\"https:\/\/somosbasestudio.com\/es\/reforma-integral-en-buenos-aires-guia\/\" class=\"hfe-read-more\" rel=\"bookmark\">\n\t\t\t\t\t\tLeer m\u00e1s \u2192\t\t\t\t\t<\/a>\n\t\t\t\t\t\t\t<\/div>\n\t\t<\/article>\n\t\t\t\t<article class=\"hfe-post-card\">\n\t\t\t\t\t\t\t<div class=\"hfe-post-image\">\n\t\t\t\t\t<a href=\"https:\/\/somosbasestudio.com\/es\/invertir-en-buenos-aires-mejores-barrios\/\" rel=\"bookmark\">\n\t\t\t\t\t\t<img loading=\"lazy\" decoding=\"async\" width=\"300\" height=\"300\" src=\"https:\/\/somosbasestudio.com\/wp-content\/uploads\/2026\/04\/invertir-en-buenos-aires-mejores-barrios-2026-base-studio-300x300.webp\" class=\"attachment-medium size-medium wp-post-image\" alt=\"Where to Invest in Buenos Aires Real Estate in 2026: The Best Neighborhoods to Buy Property\" srcset=\"https:\/\/somosbasestudio.com\/wp-content\/uploads\/2026\/04\/invertir-en-buenos-aires-mejores-barrios-2026-base-studio-300x300.webp 300w, https:\/\/somosbasestudio.com\/wp-content\/uploads\/2026\/04\/invertir-en-buenos-aires-mejores-barrios-2026-base-studio-1024x1024.webp 1024w, https:\/\/somosbasestudio.com\/wp-content\/uploads\/2026\/04\/invertir-en-buenos-aires-mejores-barrios-2026-base-studio-150x150.webp 150w, https:\/\/somosbasestudio.com\/wp-content\/uploads\/2026\/04\/invertir-en-buenos-aires-mejores-barrios-2026-base-studio-768x768.webp 768w, https:\/\/somosbasestudio.com\/wp-content\/uploads\/2026\/04\/invertir-en-buenos-aires-mejores-barrios-2026-base-studio-12x12.webp 12w, https:\/\/somosbasestudio.com\/wp-content\/uploads\/2026\/04\/invertir-en-buenos-aires-mejores-barrios-2026-base-studio.webp 1080w\" sizes=\"auto, (max-width: 300px) 100vw, 300px\" \/>\t\t\t\t\t<\/a>\n\t\t\t\t<\/div>\n\t\t\t\n\t\t\t<div class=\"hfe-post-content\">\n\t\t\t\t\t\t\t\t\t<h3 class=\"hfe-post-title\">\n\t\t\t\t\t\t<a href=\"https:\/\/somosbasestudio.com\/es\/invertir-en-buenos-aires-mejores-barrios\/\" rel=\"bookmark\">\n\t\t\t\t\t\t\tWhere to Invest in Buenos Aires Real Estate in 2026: The Best Neighborhoods to Buy Property\t\t\t\t\t\t<\/a>\n\t\t\t\t\t<\/h3>\n\t\t\t\t\n\t\t\t\t\t\t\t\t\t<div class=\"hfe-post-meta\">\n\t\t\t\t\t\t<span class=\"hfe-post-date\">13\/04\/2026<\/span><span class=\"hfe-meta-separator\"> | <\/span><span class=\"hfe-post-author\">by Written by Lydia Neiva<\/span>\t\t\t\t\t<\/div>\n\t\t\t\t\n\t\t\t\t\t\t\t\t\t<div class=\"hfe-post-excerpt\">\n\t\t\t\t\t\tLocation accounts for 90% of a real estate investment&#8217;s success. In Buenos Aires, that principle is especially true, the city&#8217;s...\t\t\t\t\t<\/div>\n\t\t\t\t\n\t\t\t\t\t\t\t\t\t<a href=\"https:\/\/somosbasestudio.com\/es\/invertir-en-buenos-aires-mejores-barrios\/\" class=\"hfe-read-more\" rel=\"bookmark\">\n\t\t\t\t\t\tLeer m\u00e1s \u2192\t\t\t\t\t<\/a>\n\t\t\t\t\t\t\t<\/div>\n\t\t<\/article>\n\t\t\t\t<article class=\"hfe-post-card\">\n\t\t\t\t\t\t\t<div class=\"hfe-post-image\">\n\t\t\t\t\t<a href=\"https:\/\/somosbasestudio.com\/es\/comprar-departamento-en-buenos-aires\/\" rel=\"bookmark\">\n\t\t\t\t\t\t<img loading=\"lazy\" decoding=\"async\" width=\"300\" height=\"300\" src=\"https:\/\/somosbasestudio.com\/wp-content\/uploads\/2026\/04\/comprar-departamento-en-buenos-aires-estudio-arquitecturabase-studio-base-300x300.webp\" class=\"attachment-medium size-medium wp-post-image\" alt=\"Investing in the Buenos Aires market: Step by step to buy an apartment in Buenos Aires as a foreigner (2026)\" srcset=\"https:\/\/somosbasestudio.com\/wp-content\/uploads\/2026\/04\/comprar-departamento-en-buenos-aires-estudio-arquitecturabase-studio-base-300x300.webp 300w, https:\/\/somosbasestudio.com\/wp-content\/uploads\/2026\/04\/comprar-departamento-en-buenos-aires-estudio-arquitecturabase-studio-base-150x150.webp 150w, https:\/\/somosbasestudio.com\/wp-content\/uploads\/2026\/04\/comprar-departamento-en-buenos-aires-estudio-arquitecturabase-studio-base-12x12.webp 12w, https:\/\/somosbasestudio.com\/wp-content\/uploads\/2026\/04\/comprar-departamento-en-buenos-aires-estudio-arquitecturabase-studio-base.webp 700w\" sizes=\"auto, (max-width: 300px) 100vw, 300px\" \/>\t\t\t\t\t<\/a>\n\t\t\t\t<\/div>\n\t\t\t\n\t\t\t<div class=\"hfe-post-content\">\n\t\t\t\t\t\t\t\t\t<h3 class=\"hfe-post-title\">\n\t\t\t\t\t\t<a href=\"https:\/\/somosbasestudio.com\/es\/comprar-departamento-en-buenos-aires\/\" rel=\"bookmark\">\n\t\t\t\t\t\t\tInvertir en el mercado porte\u00f1o: Paso a paso para comprar un departamento en Buenos Aires siendo extranjero (2026)\t\t\t\t\t\t<\/a>\n\t\t\t\t\t<\/h3>\n\t\t\t\t\n\t\t\t\t\t\t\t\t\t<div class=\"hfe-post-meta\">\n\t\t\t\t\t\t<span class=\"hfe-post-date\">06\/04\/2026<\/span><span class=\"hfe-meta-separator\"> | <\/span><span class=\"hfe-post-author\">by Written by Lydia Neiva<\/span>\t\t\t\t\t<\/div>\n\t\t\t\t\n\t\t\t\t\t\t\t\t\t<div class=\"hfe-post-excerpt\">\n\t\t\t\t\t\tWe know Buenos Aires has that certain something that makes it captivating. Whether it&#8217;s the European architecture of Recoleta or...\t\t\t\t\t<\/div>\n\t\t\t\t\n\t\t\t\t\t\t\t\t\t<a href=\"https:\/\/somosbasestudio.com\/es\/comprar-departamento-en-buenos-aires\/\" class=\"hfe-read-more\" rel=\"bookmark\">\n\t\t\t\t\t\tLeer m\u00e1s \u2192\t\t\t\t\t<\/a>\n\t\t\t\t\t\t\t<\/div>\n\t\t<\/article>\n\t\t\t\t<article class=\"hfe-post-card\">\n\t\t\t\t\t\t\t<div class=\"hfe-post-image\">\n\t\t\t\t\t<a href=\"https:\/\/somosbasestudio.com\/es\/disenar-espacios-pequenos-buenos-aires\/\" rel=\"bookmark\">\n\t\t\t\t\t\t<img loading=\"lazy\" decoding=\"async\" width=\"300\" height=\"300\" src=\"https:\/\/somosbasestudio.com\/wp-content\/uploads\/2026\/03\/disenar-espacios-pequenos-buenos-aires-hero-300x300.webp\" class=\"attachment-medium size-medium wp-post-image\" alt=\"How to design small spaces that feel spacious in Buenos Aires?\" srcset=\"https:\/\/somosbasestudio.com\/wp-content\/uploads\/2026\/03\/disenar-espacios-pequenos-buenos-aires-hero-300x300.webp 300w, https:\/\/somosbasestudio.com\/wp-content\/uploads\/2026\/03\/disenar-espacios-pequenos-buenos-aires-hero-150x150.webp 150w, https:\/\/somosbasestudio.com\/wp-content\/uploads\/2026\/03\/disenar-espacios-pequenos-buenos-aires-hero-12x12.webp 12w, https:\/\/somosbasestudio.com\/wp-content\/uploads\/2026\/03\/disenar-espacios-pequenos-buenos-aires-hero.webp 700w\" sizes=\"auto, (max-width: 300px) 100vw, 300px\" \/>\t\t\t\t\t<\/a>\n\t\t\t\t<\/div>\n\t\t\t\n\t\t\t<div class=\"hfe-post-content\">\n\t\t\t\t\t\t\t\t\t<h3 class=\"hfe-post-title\">\n\t\t\t\t\t\t<a href=\"https:\/\/somosbasestudio.com\/es\/disenar-espacios-pequenos-buenos-aires\/\" rel=\"bookmark\">\n\t\t\t\t\t\t\tC\u00f3mo dise\u00f1ar espacios peque\u00f1os que se sientan amplios en Buenos Aires?\t\t\t\t\t\t<\/a>\n\t\t\t\t\t<\/h3>\n\t\t\t\t\n\t\t\t\t\t\t\t\t\t<div class=\"hfe-post-meta\">\n\t\t\t\t\t\t<span class=\"hfe-post-date\">18\/03\/2026<\/span><span class=\"hfe-meta-separator\"> | <\/span><span class=\"hfe-post-author\">by Written by Lydia Neiva<\/span>\t\t\t\t\t<\/div>\n\t\t\t\t\n\t\t\t\t\t\t\t\t\t<div class=\"hfe-post-excerpt\">\n\t\t\t\t\t\tEl tama\u00f1o de una habitaci\u00f3n no define la sensaci\u00f3n que transmite. A menudo, los apartamentos grandes dan sensaci\u00f3n de estrechez, mientras que los espacios peque\u00f1os pueden...\t\t\t\t\t<\/div>\n\t\t\t\t\n\t\t\t\t\t\t\t\t\t<a href=\"https:\/\/somosbasestudio.com\/es\/disenar-espacios-pequenos-buenos-aires\/\" class=\"hfe-read-more\" rel=\"bookmark\">\n\t\t\t\t\t\tLeer m\u00e1s \u2192\t\t\t\t\t<\/a>\n\t\t\t\t\t\t\t<\/div>\n\t\t<\/article>\n\t\t<\/div>\n\t\t\t\t<\/div>\n\t\t\t\t<\/div>\n\t\t\t\t<div class=\"elementor-element elementor-element-6217395 elementor-widget elementor-widget-spacer\" data-id=\"6217395\" data-element_type=\"widget\" data-e-type=\"widget\" data-widget_type=\"spacer.default\">\n\t\t\t\t\t\t\t<div class=\"elementor-spacer\">\n\t\t\t<div class=\"elementor-spacer-inner\"><\/div>\n\t\t<\/div>\n\t\t\t\t\t\t<\/div>\n\t\t\t\t\t<\/div>\n\t\t\t\t<\/div>\n\t\t\t\t<\/div>","protected":false},"excerpt":{"rendered":"<p>Dise\u00f1o multifuncional: c\u00f3mo aprovechar cada metro cuadrado 18\/03\/2026 | by Basestudio En espacios compactos, cada metro cuadrado cuenta.Pero m\u00e1s importante que el tama\u00f1o es c\u00f3mo se usa ese espacio. El dise\u00f1o&#8230; Read More \u2192 Arquitectura para espacios compactos: ideas inteligentes que transforman 18\/03\/2026 | by Basestudio Los espacios compactos son una realidad cada vez m\u00e1s [&hellip;]<\/p>\n","protected":false},"author":1,"featured_media":0,"parent":0,"menu_order":0,"comment_status":"closed","ping_status":"closed","template":"elementor_header_footer","meta":{"footnotes":""},"class_list":["post-67","page","type-page","status-publish","hentry"],"yoast_head":"<!-- This site is optimized with the Yoast SEO plugin v27.5 - https:\/\/yoast.com\/product\/yoast-seo-wordpress\/ -->\n<title>Blog - Base Studio<\/title>\n<meta name=\"robots\" content=\"index, follow, max-snippet:-1, max-image-preview:large, max-video-preview:-1\" \/>\n<link rel=\"canonical\" href=\"https:\/\/somosbasestudio.com\/es\/blog\/\" \/>\n<meta property=\"og:locale\" content=\"es_ES\" \/>\n<meta property=\"og:type\" content=\"article\" \/>\n<meta property=\"og:title\" content=\"Blog - Base Studio\" \/>\n<meta property=\"og:description\" content=\"Dise\u00f1o multifuncional: c\u00f3mo aprovechar cada metro cuadrado 18\/03\/2026 | by Basestudio En espacios compactos, cada metro cuadrado cuenta.Pero m\u00e1s importante que el tama\u00f1o es c\u00f3mo se usa ese espacio. El dise\u00f1o&#8230; Read More \u2192 Arquitectura para espacios compactos: ideas inteligentes que transforman 18\/03\/2026 | by Basestudio Los espacios compactos son una realidad cada vez m\u00e1s [&hellip;]\" \/>\n<meta property=\"og:url\" content=\"https:\/\/somosbasestudio.com\/es\/blog\/\" \/>\n<meta property=\"og:site_name\" content=\"Base Studio\" \/>\n<meta property=\"article:modified_time\" content=\"2026-03-18T12:02:28+00:00\" \/>\n<meta property=\"og:image\" content=\"https:\/\/somosbasestudio.com\/wp-content\/uploads\/2026\/03\/disenar-apartamentos-pequenos-ambientes-integrados-jantar-consultoria-online-remoto-bonsai-arquitetura-interiores-300x300.webp\" \/>\n<meta name=\"twitter:card\" content=\"summary_large_image\" \/>\n<meta name=\"twitter:label1\" content=\"Tiempo de lectura\" \/>\n\t<meta name=\"twitter:data1\" content=\"1 minuto\" \/>\n<script type=\"application\/ld+json\" class=\"yoast-schema-graph\">{\"@context\":\"https:\\\/\\\/schema.org\",\"@graph\":[{\"@type\":\"WebPage\",\"@id\":\"https:\\\/\\\/somosbasestudio.com\\\/blog\\\/\",\"url\":\"https:\\\/\\\/somosbasestudio.com\\\/blog\\\/\",\"name\":\"Blog - Base Studio\",\"isPartOf\":{\"@id\":\"https:\\\/\\\/somosbasestudio.com\\\/#website\"},\"primaryImageOfPage\":{\"@id\":\"https:\\\/\\\/somosbasestudio.com\\\/blog\\\/#primaryimage\"},\"image\":{\"@id\":\"https:\\\/\\\/somosbasestudio.com\\\/blog\\\/#primaryimage\"},\"thumbnailUrl\":\"https:\\\/\\\/somosbasestudio.com\\\/wp-content\\\/uploads\\\/2026\\\/03\\\/disenar-apartamentos-pequenos-ambientes-integrados-jantar-consultoria-online-remoto-bonsai-arquitetura-interiores-300x300.webp\",\"datePublished\":\"2026-03-17T00:30:47+00:00\",\"dateModified\":\"2026-03-18T12:02:28+00:00\",\"breadcrumb\":{\"@id\":\"https:\\\/\\\/somosbasestudio.com\\\/blog\\\/#breadcrumb\"},\"inLanguage\":\"es-AR\",\"potentialAction\":[{\"@type\":\"ReadAction\",\"target\":[\"https:\\\/\\\/somosbasestudio.com\\\/blog\\\/\"]}]},{\"@type\":\"ImageObject\",\"inLanguage\":\"es-AR\",\"@id\":\"https:\\\/\\\/somosbasestudio.com\\\/blog\\\/#primaryimage\",\"url\":\"https:\\\/\\\/somosbasestudio.com\\\/wp-content\\\/uploads\\\/2026\\\/03\\\/disenar-apartamentos-pequenos-ambientes-integrados-jantar-consultoria-online-remoto-bonsai-arquitetura-interiores-300x300.webp\",\"contentUrl\":\"https:\\\/\\\/somosbasestudio.com\\\/wp-content\\\/uploads\\\/2026\\\/03\\\/disenar-apartamentos-pequenos-ambientes-integrados-jantar-consultoria-online-remoto-bonsai-arquitetura-interiores-300x300.webp\"},{\"@type\":\"BreadcrumbList\",\"@id\":\"https:\\\/\\\/somosbasestudio.com\\\/blog\\\/#breadcrumb\",\"itemListElement\":[{\"@type\":\"ListItem\",\"position\":1,\"name\":\"In\u00edcio\",\"item\":\"https:\\\/\\\/somosbasestudio.com\\\/\"},{\"@type\":\"ListItem\",\"position\":2,\"name\":\"Blog\"}]},{\"@type\":\"WebSite\",\"@id\":\"https:\\\/\\\/somosbasestudio.com\\\/#website\",\"url\":\"https:\\\/\\\/somosbasestudio.com\\\/\",\"name\":\"Base Studio\",\"description\":\"Proyectos de arquitectura y dise\u00f1o de interiores, asesoramiento y direcci\u00f3n de obra.\",\"publisher\":{\"@id\":\"https:\\\/\\\/somosbasestudio.com\\\/#organization\"},\"potentialAction\":[{\"@type\":\"SearchAction\",\"target\":{\"@type\":\"EntryPoint\",\"urlTemplate\":\"https:\\\/\\\/somosbasestudio.com\\\/?s={search_term_string}\"},\"query-input\":{\"@type\":\"PropertyValueSpecification\",\"valueRequired\":true,\"valueName\":\"search_term_string\"}}],\"inLanguage\":\"es-AR\"},{\"@type\":\"Organization\",\"@id\":\"https:\\\/\\\/somosbasestudio.com\\\/#organization\",\"name\":\"Base Studio\",\"url\":\"https:\\\/\\\/somosbasestudio.com\\\/\",\"logo\":{\"@type\":\"ImageObject\",\"inLanguage\":\"es-AR\",\"@id\":\"https:\\\/\\\/somosbasestudio.com\\\/#\\\/schema\\\/logo\\\/image\\\/\",\"url\":\"https:\\\/\\\/somosbasestudio.com\\\/wp-content\\\/uploads\\\/2026\\\/03\\\/base-studio-interiores-arquitectura-buenos-aires-online.webp\",\"contentUrl\":\"https:\\\/\\\/somosbasestudio.com\\\/wp-content\\\/uploads\\\/2026\\\/03\\\/base-studio-interiores-arquitectura-buenos-aires-online.webp\",\"width\":300,\"height\":300,\"caption\":\"Base Studio\"},\"image\":{\"@id\":\"https:\\\/\\\/somosbasestudio.com\\\/#\\\/schema\\\/logo\\\/image\\\/\"}}]}<\/script>\n<!-- \/ Yoast SEO plugin. -->","yoast_head_json":{"title":"Blog - Base Studio","robots":{"index":"index","follow":"follow","max-snippet":"max-snippet:-1","max-image-preview":"max-image-preview:large","max-video-preview":"max-video-preview:-1"},"canonical":"https:\/\/somosbasestudio.com\/es\/blog\/","og_locale":"es_ES","og_type":"article","og_title":"Blog - Base Studio","og_description":"Dise\u00f1o multifuncional: c\u00f3mo aprovechar cada metro cuadrado 18\/03\/2026 | by Basestudio En espacios compactos, cada metro cuadrado cuenta.Pero m\u00e1s importante que el tama\u00f1o es c\u00f3mo se usa ese espacio. El dise\u00f1o&#8230; Read More \u2192 Arquitectura para espacios compactos: ideas inteligentes que transforman 18\/03\/2026 | by Basestudio Los espacios compactos son una realidad cada vez m\u00e1s [&hellip;]","og_url":"https:\/\/somosbasestudio.com\/es\/blog\/","og_site_name":"Base Studio","article_modified_time":"2026-03-18T12:02:28+00:00","og_image":[{"url":"https:\/\/somosbasestudio.com\/wp-content\/uploads\/2026\/03\/disenar-apartamentos-pequenos-ambientes-integrados-jantar-consultoria-online-remoto-bonsai-arquitetura-interiores-300x300.webp","type":"","width":"","height":""}],"twitter_card":"summary_large_image","twitter_misc":{"Tiempo de lectura":"1 minuto"},"schema":{"@context":"https:\/\/schema.org","@graph":[{"@type":"WebPage","@id":"https:\/\/somosbasestudio.com\/blog\/","url":"https:\/\/somosbasestudio.com\/blog\/","name":"Blog - Base Studio","isPartOf":{"@id":"https:\/\/somosbasestudio.com\/#website"},"primaryImageOfPage":{"@id":"https:\/\/somosbasestudio.com\/blog\/#primaryimage"},"image":{"@id":"https:\/\/somosbasestudio.com\/blog\/#primaryimage"},"thumbnailUrl":"https:\/\/somosbasestudio.com\/wp-content\/uploads\/2026\/03\/disenar-apartamentos-pequenos-ambientes-integrados-jantar-consultoria-online-remoto-bonsai-arquitetura-interiores-300x300.webp","datePublished":"2026-03-17T00:30:47+00:00","dateModified":"2026-03-18T12:02:28+00:00","breadcrumb":{"@id":"https:\/\/somosbasestudio.com\/blog\/#breadcrumb"},"inLanguage":"es-AR","potentialAction":[{"@type":"ReadAction","target":["https:\/\/somosbasestudio.com\/blog\/"]}]},{"@type":"ImageObject","inLanguage":"es-AR","@id":"https:\/\/somosbasestudio.com\/blog\/#primaryimage","url":"https:\/\/somosbasestudio.com\/wp-content\/uploads\/2026\/03\/disenar-apartamentos-pequenos-ambientes-integrados-jantar-consultoria-online-remoto-bonsai-arquitetura-interiores-300x300.webp","contentUrl":"https:\/\/somosbasestudio.com\/wp-content\/uploads\/2026\/03\/disenar-apartamentos-pequenos-ambientes-integrados-jantar-consultoria-online-remoto-bonsai-arquitetura-interiores-300x300.webp"},{"@type":"BreadcrumbList","@id":"https:\/\/somosbasestudio.com\/blog\/#breadcrumb","itemListElement":[{"@type":"ListItem","position":1,"name":"In\u00edcio","item":"https:\/\/somosbasestudio.com\/"},{"@type":"ListItem","position":2,"name":"Blog"}]},{"@type":"WebSite","@id":"https:\/\/somosbasestudio.com\/#website","url":"https:\/\/somosbasestudio.com\/","name":"Base Studio","description":"Proyectos de arquitectura y dise\u00f1o de interiores, asesoramiento y direcci\u00f3n de obra.","publisher":{"@id":"https:\/\/somosbasestudio.com\/#organization"},"potentialAction":[{"@type":"SearchAction","target":{"@type":"EntryPoint","urlTemplate":"https:\/\/somosbasestudio.com\/?s={search_term_string}"},"query-input":{"@type":"PropertyValueSpecification","valueRequired":true,"valueName":"search_term_string"}}],"inLanguage":"es-AR"},{"@type":"Organization","@id":"https:\/\/somosbasestudio.com\/#organization","name":"Base Studio","url":"https:\/\/somosbasestudio.com\/","logo":{"@type":"ImageObject","inLanguage":"es-AR","@id":"https:\/\/somosbasestudio.com\/#\/schema\/logo\/image\/","url":"https:\/\/somosbasestudio.com\/wp-content\/uploads\/2026\/03\/base-studio-interiores-arquitectura-buenos-aires-online.webp","contentUrl":"https:\/\/somosbasestudio.com\/wp-content\/uploads\/2026\/03\/base-studio-interiores-arquitectura-buenos-aires-online.webp","width":300,"height":300,"caption":"Base Studio"},"image":{"@id":"https:\/\/somosbasestudio.com\/#\/schema\/logo\/image\/"}}]}},"_links":{"self":[{"href":"https:\/\/somosbasestudio.com\/es\/wp-json\/wp\/v2\/pages\/67","targetHints":{"allow":["GET"]}}],"collection":[{"href":"https:\/\/somosbasestudio.com\/es\/wp-json\/wp\/v2\/pages"}],"about":[{"href":"https:\/\/somosbasestudio.com\/es\/wp-json\/wp\/v2\/types\/page"}],"author":[{"embeddable":true,"href":"https:\/\/somosbasestudio.com\/es\/wp-json\/wp\/v2\/users\/1"}],"replies":[{"embeddable":true,"href":"https:\/\/somosbasestudio.com\/es\/wp-json\/wp\/v2\/comments?post=67"}],"version-history":[{"count":16,"href":"https:\/\/somosbasestudio.com\/es\/wp-json\/wp\/v2\/pages\/67\/revisions"}],"predecessor-version":[{"id":375,"href":"https:\/\/somosbasestudio.com\/es\/wp-json\/wp\/v2\/pages\/67\/revisions\/375"}],"wp:attachment":[{"href":"https:\/\/somosbasestudio.com\/es\/wp-json\/wp\/v2\/media?parent=67"}],"curies":[{"name":"wp","href":"https:\/\/api.w.org\/{rel}","templated":true}]}}